{"id":6677,"date":"2020-08-19T16:01:34","date_gmt":"2020-08-19T21:01:34","guid":{"rendered":"http:\/\/ecomarketcolombia.com\/?post_type=product&#038;p=6677"},"modified":"2020-08-19T16:05:31","modified_gmt":"2020-08-19T21:05:31","slug":"jabonmanos","status":"publish","type":"product","link":"https:\/\/ecomarketcolombia.com\/index.php\/product\/jabonmanos\/","title":{"rendered":"Jab\u00f3n de manos"},"content":{"rendered":"","protected":false},"excerpt":{"rendered":"<p>Jab\u00f3n para las manos, biodegradable y cuidadoso con tu piel. De la marca Elemental en envase de vidrio para que tu pr\u00f3xima compra sea m\u00e1s econ\u00f3mica y sostenible<\/p>\n","protected":false},"featured_media":6680,"comment_status":"closed","ping_status":"closed","template":"","meta":[],"class_list":["post-6677","product","type-product","status-publish","has-post-thumbnail","hentry","product_cat-hogar","product_tag-bienestar","product_tag-biodegradable","product_tag-colombiano","product_tag-comercio-justo","product_tag-cuidado","product_tag-cuidado-piel","product_tag-desinfeccion","product_tag-eco","product_tag-ecologico","product_tag-hogar","product_tag-jabon","product_tag-limpieza","product_tag-local","product_tag-manos","product_tag-natural","product_tag-saludable"],"_links":{"self":[{"href":"https:\/\/ecomarketcolombia.com\/index.php\/wp-json\/wp\/v2\/product\/6677","targetHints":{"allow":["GET"]}}],"collection":[{"href":"https:\/\/ecomarketcolombia.com\/index.php\/wp-json\/wp\/v2\/product"}],"about":[{"href":"https:\/\/ecomarketcolombia.com\/index.php\/wp-json\/wp\/v2\/types\/product"}],"replies":[{"embeddable":true,"href":"https:\/\/ecomarketcolombia.com\/index.php\/wp-json\/wp\/v2\/comments?post=6677"}],"version-history":[{"count":1,"href":"https:\/\/ecomarketcolombia.com\/index.php\/wp-json\/wp\/v2\/product\/6677\/revisions"}],"predecessor-version":[{"id":6682,"href":"https:\/\/ecomarketcolombia.com\/index.php\/wp-json\/wp\/v2\/product\/6677\/revisions\/6682"}],"wp:featuredmedia":[{"embeddable":true,"href":"https:\/\/ecomarketcolombia.com\/index.php\/wp-json\/wp\/v2\/media\/6680"}],"wp:attachment":[{"href":"https:\/\/ecomarketcolombia.com\/index.php\/wp-json\/wp\/v2\/media?parent=6677"}],"curies":[{"name":"wp","href":"https:\/\/api.w.org\/{rel}","templated":true}]}}