{"id":6683,"date":"2020-08-19T22:30:51","date_gmt":"2020-08-20T03:30:51","guid":{"rendered":"http:\/\/ecomarketcolombia.com\/?post_type=product&#038;p=6683"},"modified":"2020-09-03T16:03:33","modified_gmt":"2020-09-03T21:03:33","slug":"desinfectantemultiusos","status":"publish","type":"product","link":"https:\/\/ecomarketcolombia.com\/index.php\/product\/desinfectantemultiusos\/","title":{"rendered":"Desinfectante multiusos"},"content":{"rendered":"","protected":false},"excerpt":{"rendered":"<p>Desinfectante multiusos Isla M\u00facura, biodegradable y elimina manchas y bacterias. De la marca Elemental en envase de vidrio para que tu pr\u00f3xima compra sea m\u00e1s econ\u00f3mica y sostenible<\/p>\n","protected":false},"featured_media":6686,"comment_status":"closed","ping_status":"closed","template":"","meta":[],"class_list":["post-6683","product","type-product","status-publish","has-post-thumbnail","hentry","product_cat-hogar","product_tag-bienestar","product_tag-biodegradable","product_tag-colombiano","product_tag-comercio-justo","product_tag-cuidado","product_tag-desinfeccion","product_tag-eco","product_tag-ecologico","product_tag-hogar","product_tag-limpieza","product_tag-local","product_tag-multiusos","product_tag-natural","product_tag-ropa","product_tag-saludable","product_tag-sostenible","product_tag-vidrio"],"_links":{"self":[{"href":"https:\/\/ecomarketcolombia.com\/index.php\/wp-json\/wp\/v2\/product\/6683","targetHints":{"allow":["GET"]}}],"collection":[{"href":"https:\/\/ecomarketcolombia.com\/index.php\/wp-json\/wp\/v2\/product"}],"about":[{"href":"https:\/\/ecomarketcolombia.com\/index.php\/wp-json\/wp\/v2\/types\/product"}],"replies":[{"embeddable":true,"href":"https:\/\/ecomarketcolombia.com\/index.php\/wp-json\/wp\/v2\/comments?post=6683"}],"version-history":[{"count":1,"href":"https:\/\/ecomarketcolombia.com\/index.php\/wp-json\/wp\/v2\/product\/6683\/revisions"}],"predecessor-version":[{"id":6688,"href":"https:\/\/ecomarketcolombia.com\/index.php\/wp-json\/wp\/v2\/product\/6683\/revisions\/6688"}],"wp:featuredmedia":[{"embeddable":true,"href":"https:\/\/ecomarketcolombia.com\/index.php\/wp-json\/wp\/v2\/media\/6686"}],"wp:attachment":[{"href":"https:\/\/ecomarketcolombia.com\/index.php\/wp-json\/wp\/v2\/media?parent=6683"}],"curies":[{"name":"wp","href":"https:\/\/api.w.org\/{rel}","templated":true}]}}